{"id":48,"date":"2025-08-26T14:15:03","date_gmt":"2025-08-26T14:15:03","guid":{"rendered":"http:\/\/delphinemayeul.fr\/?page_id=48"},"modified":"2025-12-06T10:49:41","modified_gmt":"2025-12-06T10:49:41","slug":"mes-accompagnements","status":"publish","type":"page","link":"https:\/\/delphinemayeul.fr\/?page_id=48","title":{"rendered":"Mes accompagnements"},"content":{"rendered":"\n\n  <div class=\"banner has-hover\" id=\"banner-1108220138\">\n          <div class=\"banner-inner fill\">\n        <div class=\"banner-bg fill\" >\n            <img loading=\"lazy\" decoding=\"async\" width=\"1020\" height=\"680\" src=\"https:\/\/delphinemayeul.fr\/wp-content\/uploads\/2025\/12\/univers-etre-holistique-guide-complet-sonotherapie-1024x683.webp\" class=\"bg attachment-large size-large\" alt=\"\" \/>                        <div class=\"overlay\"><\/div>            \n                    <\/div>\n\t\t\n        <div class=\"banner-layers container\">\n            <div class=\"fill banner-link\"><\/div>            \n\n   <div id=\"text-box-1511928465\" class=\"text-box banner-layer x50 md-x50 lg-x50 y50 md-y50 lg-y50 res-text\">\n                                <div class=\"text-box-content text dark text-shadow-3\">\n              \n              <div class=\"text-inner text-center\">\n                  \n\n<h3 class=\"uppercase\"><strong>Mes accompagnements<\/strong><\/h3>\n<p>Je vous accueille avec bienveillance et \u00e9coute pour vous aider \u00e0 retrouver \u00e9quilibre, paix int\u00e9rieure et vitalit\u00e9, gr\u00e2ce \u00e0 une approche douce, globale et profond\u00e9ment humaine.<\/p>\n\n              <\/div>\n           <\/div>\n                            \n<style>\n#text-box-1511928465 {\n  width: 60%;\n}\n#text-box-1511928465 .text-box-content {\n  font-size: 100%;\n}\n<\/style>\n    <\/div>\n \n\n        <\/div>\n      <\/div>\n\n            \n<style>\n#banner-1108220138 {\n  padding-top: 500px;\n}\n#banner-1108220138 .overlay {\n  background-color: rgba(0, 0, 0, 0.17);\n}\n<\/style>\n  <\/div>\n\n\n\n\t<section class=\"section\" id=\"section_1263937808\">\n\t\t<div class=\"section-bg fill\" >\n\t\t\t\t\t\t\t\t\t<div class=\"section-bg-overlay absolute fill\"><\/div>\n\t\t\t\n\t<div class=\"is-border\"\n\t\tstyle=\"border-width:1px 0px 1px 0px;\">\n\t<\/div>\n\n\t\t<\/div>\n\n\t\t\n\n\t\t<div class=\"section-content relative\">\n\t\t\t\n\n<div class=\"row row-large align-middle\"  id=\"row-2142083985\">\n\n\n\t<div id=\"col-1502372186\" class=\"col medium-3 small-12 large-3\"  >\n\t\t\t\t<div class=\"col-inner\"  >\n\t\t\t\n\t\t\t\n\n\t<div class=\"img has-hover x md-x lg-x y md-y lg-y\" id=\"image_1005076112\">\n\t\t\t\t\t\t\t\t<div class=\"img-inner dark\" >\n\t\t\t<img loading=\"lazy\" decoding=\"async\" width=\"204\" height=\"300\" src=\"https:\/\/delphinemayeul.fr\/wp-content\/uploads\/2025\/09\/fleuretoileetpoint-204x300.jpg\" class=\"attachment-medium size-medium\" alt=\"\" srcset=\"https:\/\/delphinemayeul.fr\/wp-content\/uploads\/2025\/09\/fleuretoileetpoint-204x300.jpg 204w, https:\/\/delphinemayeul.fr\/wp-content\/uploads\/2025\/09\/fleuretoileetpoint.jpg 604w\" sizes=\"auto, (max-width: 204px) 100vw, 204px\" \/>\t\t\t\t\t\t\n\t\t\t\t\t<\/div>\n\t\t\t\t\t\t\t\t\n<style>\n#image_1005076112 {\n  width: 100%;\n}\n<\/style>\n\t<\/div>\n\t\n\n\n\t\t<\/div>\n\t\t\t\t\t<\/div>\n\n\t\n\n\t<div id=\"col-950102286\" class=\"col medium-9 small-12 large-9\"  >\n\t\t\t\t<div class=\"col-inner text-left\"  >\n\t\t\t\n\t\t\t\n\n\n\t\t<div class=\"icon-box featured-box icon-box-left text-left\"  >\n\t\t\t\t\t<div class=\"icon-box-img\" style=\"width: 60px\">\n\t\t\t\t<div class=\"icon\">\n\t\t\t\t\t<div class=\"icon-inner\" >\n\t\t\t\t\t\t<img loading=\"lazy\" decoding=\"async\" width=\"300\" height=\"214\" src=\"https:\/\/delphinemayeul.fr\/wp-content\/uploads\/2025\/09\/fleuroeil-300x214.jpg\" class=\"attachment-medium size-medium\" alt=\"\" srcset=\"https:\/\/delphinemayeul.fr\/wp-content\/uploads\/2025\/09\/fleuroeil-300x214.jpg 300w, https:\/\/delphinemayeul.fr\/wp-content\/uploads\/2025\/09\/fleuroeil.jpg 566w\" sizes=\"auto, (max-width: 300px) 100vw, 300px\" \/>\t\t\t\t\t<\/div>\n\t\t\t\t<\/div>\n\t\t\t<\/div>\n\t\t\t\t<div class=\"icon-box-text last-reset\">\n\t\t\t\t\t\t\t\t\t\n\n<h3>Soins \u00e9nerg\u00e9tiques japonais<\/h3>\n<p>Inspir\u00e9s des traditions japonaises, ces soins visent \u00e0 r\u00e9tablir la circulation de l\u2019\u00e9nergie dans tout le corps.<br \/>Ils permettent de lib\u00e9rer les tensions, d\u2019harmoniser les centres \u00e9nerg\u00e9tiques (chakras), d\u2019apaiser le mental et de reconnecter le corps, le c\u0153ur et l\u2019\u00e2me.<br \/>C\u2019est un moment de recentrage profond, pour rel\u00e2cher ce qui p\u00e8se et retrouver une sensation de l\u00e9g\u00e8ret\u00e9 int\u00e9rieure.<\/p>\n\n\t\t<\/div>\n\t<\/div>\n\t\n\t\n\n\t\t<\/div>\n\t\t\t\t\t<\/div>\n\n\t\n\n<\/div>\n\n\t\t<\/div>\n\n\t\t\n<style>\n#section_1263937808 {\n  padding-top: 20px;\n  padding-bottom: 20px;\n}\n#section_1263937808 .section-bg-overlay {\n  background-color: rgba(255, 255, 255, 0.85);\n}\n<\/style>\n\t<\/section>\n\t\n\n\t<section class=\"section\" id=\"section_1097674691\">\n\t\t<div class=\"section-bg fill\" >\n\t\t\t\t\t\t\t\t\t<div class=\"section-bg-overlay absolute fill\"><\/div>\n\t\t\t\n\n\t\t<\/div>\n\n\t\t\n\n\t\t<div class=\"section-content relative\">\n\t\t\t\n\n<div class=\"row row-large align-middle\"  id=\"row-631660540\">\n\n\n\t<div id=\"col-2024695727\" class=\"col medium-6 small-12 large-6\"  >\n\t\t\t\t<div class=\"col-inner text-left\"  >\n\t\t\t\n\t\t\t\n\n\n\t\t<div class=\"icon-box featured-box icon-box-left text-left\"  >\n\t\t\t\t\t<div class=\"icon-box-img\" style=\"width: 60px\">\n\t\t\t\t<div class=\"icon\">\n\t\t\t\t\t<div class=\"icon-inner\" >\n\t\t\t\t\t\t<img loading=\"lazy\" decoding=\"async\" width=\"300\" height=\"282\" src=\"https:\/\/delphinemayeul.fr\/wp-content\/uploads\/2025\/09\/soleil-300x282.jpg\" class=\"attachment-medium size-medium\" alt=\"\" srcset=\"https:\/\/delphinemayeul.fr\/wp-content\/uploads\/2025\/09\/soleil-300x282.jpg 300w, https:\/\/delphinemayeul.fr\/wp-content\/uploads\/2025\/09\/soleil.jpg 392w\" sizes=\"auto, (max-width: 300px) 100vw, 300px\" \/>\t\t\t\t\t<\/div>\n\t\t\t\t<\/div>\n\t\t\t<\/div>\n\t\t\t\t<div class=\"icon-box-text last-reset\">\n\t\t\t\t\t\t\t\t\t\n\n<h3>Hypnose ericksonienne<\/h3>\n<p>L\u2019hypnose que je pratique est une m\u00e9thode douce, respectueuse de votre inconscient.<br \/>Sp\u00e9cialis\u00e9e dans l\u2019accompagnement de la perte de poids, je vous aide \u00e0 explorer les blocages \u00e9motionnels, les croyances limitantes et les sch\u00e9mas inconscients qui emp\u00eachent la lib\u00e9ration durable.<br \/>Mais mon accompagnement va bien au-del\u00e0 du poids : confiance en soi, gestion du stress, addictions, hypersensibilit\u00e9\u2026 L\u2019hypnose vous aide \u00e0 retrouver votre pouvoir int\u00e9rieur.<\/p>\n\n\t\t<\/div>\n\t<\/div>\n\t\n\t\n\n\t\t<\/div>\n\t\t\t\t\t<\/div>\n\n\t\n\n\t<div id=\"col-1353760128\" class=\"col medium-4 small-12 large-4\"  >\n\t\t\t\t<div class=\"col-inner\"  >\n\t\t\t\n\t\t\t\n\n\t<div class=\"img has-hover x md-x lg-x y md-y lg-y\" id=\"image_468732388\">\n\t\t\t\t\t\t\t\t<div class=\"img-inner dark\" >\n\t\t\t<img loading=\"lazy\" decoding=\"async\" width=\"448\" height=\"409\" src=\"https:\/\/delphinemayeul.fr\/wp-content\/uploads\/2025\/09\/elephant.jpg\" class=\"attachment-large size-large\" alt=\"\" srcset=\"https:\/\/delphinemayeul.fr\/wp-content\/uploads\/2025\/09\/elephant.jpg 448w, https:\/\/delphinemayeul.fr\/wp-content\/uploads\/2025\/09\/elephant-300x274.jpg 300w\" sizes=\"auto, (max-width: 448px) 100vw, 448px\" \/>\t\t\t\t\t\t\n\t\t\t\t\t<\/div>\n\t\t\t\t\t\t\t\t\n<style>\n#image_468732388 {\n  width: 100%;\n}\n<\/style>\n\t<\/div>\n\t\n\n\n\t\t<\/div>\n\t\t\t\t\t<\/div>\n\n\t\n\n<\/div>\n\n\t\t<\/div>\n\n\t\t\n<style>\n#section_1097674691 {\n  padding-top: 0px;\n  padding-bottom: 0px;\n  background-color: rgb(255, 255, 255);\n}\n#section_1097674691 .section-bg-overlay {\n  background-color: rgba(255, 255, 255, 0.85);\n}\n<\/style>\n\t<\/section>\n\t\n\n\t<section class=\"section\" id=\"section_935467330\">\n\t\t<div class=\"section-bg fill\" >\n\t\t\t\t\t\t\t\t\t<div class=\"section-bg-overlay absolute fill\"><\/div>\n\t\t\t\n\t<div class=\"is-border\"\n\t\tstyle=\"border-width:1px 0px 1px 0px;\">\n\t<\/div>\n\n\t\t<\/div>\n\n\t\t\n\n\t\t<div class=\"section-content relative\">\n\t\t\t\n\n<div class=\"row row-large align-middle\"  id=\"row-2019640967\">\n\n\n\t<div id=\"col-2147341171\" class=\"col medium-5 small-12 large-5\"  >\n\t\t\t\t<div class=\"col-inner\"  >\n\t\t\t\n\t\t\t\n\n\t<div class=\"img has-hover x md-x lg-x y md-y lg-y\" id=\"image_366544014\">\n\t\t\t\t\t\t\t\t<div class=\"img-inner dark\" >\n\t\t\t<img loading=\"lazy\" decoding=\"async\" width=\"566\" height=\"403\" src=\"https:\/\/delphinemayeul.fr\/wp-content\/uploads\/2025\/09\/fleuroeil.jpg\" class=\"attachment-large size-large\" alt=\"\" srcset=\"https:\/\/delphinemayeul.fr\/wp-content\/uploads\/2025\/09\/fleuroeil.jpg 566w, https:\/\/delphinemayeul.fr\/wp-content\/uploads\/2025\/09\/fleuroeil-300x214.jpg 300w\" sizes=\"auto, (max-width: 566px) 100vw, 566px\" \/>\t\t\t\t\t\t\n\t\t\t\t\t<\/div>\n\t\t\t\t\t\t\t\t\n<style>\n#image_366544014 {\n  width: 100%;\n}\n<\/style>\n\t<\/div>\n\t\n\n\n\t\t<\/div>\n\t\t\t\t\t<\/div>\n\n\t\n\n\t<div id=\"col-202181505\" class=\"col medium-7 small-12 large-7\"  >\n\t\t\t\t<div class=\"col-inner text-left\"  >\n\t\t\t\n\t\t\t\n\n\n\t\t<div class=\"icon-box featured-box icon-box-left text-left\"  >\n\t\t\t\t\t<div class=\"icon-box-img\" style=\"width: 60px\">\n\t\t\t\t<div class=\"icon\">\n\t\t\t\t\t<div class=\"icon-inner\" >\n\t\t\t\t\t\t<img loading=\"lazy\" decoding=\"async\" width=\"300\" height=\"215\" src=\"https:\/\/delphinemayeul.fr\/wp-content\/uploads\/2025\/09\/etoileetpoint-300x215.jpg\" class=\"attachment-medium size-medium\" alt=\"\" srcset=\"https:\/\/delphinemayeul.fr\/wp-content\/uploads\/2025\/09\/etoileetpoint-300x215.jpg 300w, https:\/\/delphinemayeul.fr\/wp-content\/uploads\/2025\/09\/etoileetpoint.jpg 386w\" sizes=\"auto, (max-width: 300px) 100vw, 300px\" \/>\t\t\t\t\t<\/div>\n\t\t\t\t<\/div>\n\t\t\t<\/div>\n\t\t\t\t<div class=\"icon-box-text last-reset\">\n\t\t\t\t\t\t\t\t\t\n\n<h3>Massages bien-\u00eatre visage &amp; cr\u00e2nien<\/h3>\n<p>\u2022 Massage cr\u00e2nien Shiro Abhyanga : issu de l\u2019ayurv\u00e9da, ce massage apaise le mental, rel\u00e2che les tensions nerveuses, stimule la circulation et procure un sentiment profond de s\u00e9r\u00e9nit\u00e9. Il est id\u00e9al en cas de stress, fatigue mentale ou surmenage.<br \/>\u2022 Drainage lymphatique du visage : un massage doux, stimulant la lymphe et la circulation, pour une peau plus lumineuse, raffermie, d\u00e9congestionn\u00e9e. Il agit aussi en profondeur sur la d\u00e9tente du visage et la reconnexion \u00e0 soi.<\/p>\n\n\t\t<\/div>\n\t<\/div>\n\t\n\t\n\n\t\t<\/div>\n\t\t\t\t\t<\/div>\n\n\t\n\n<\/div>\n\n\t\t<\/div>\n\n\t\t\n<style>\n#section_935467330 {\n  padding-top: 20px;\n  padding-bottom: 20px;\n}\n#section_935467330 .section-bg-overlay {\n  background-color: rgba(255, 255, 255, 0.85);\n}\n<\/style>\n\t<\/section>\n\t\n<div class=\"message-box relative dark\" style=\"padding-top:36px;padding-bottom:36px;\"><div class=\"message-box-bg-image bg-fill fill\" ><\/div><div class=\"message-box-bg-overlay bg-fill fill\" style=\"background-color:rgb(43, 57, 183);\"><\/div><div class=\"container relative\"><div class=\"inner last-reset\">\n\n<div class=\"row align-middle\"  id=\"row-1944119710\">\n\n\n\t<div id=\"col-692816083\" class=\"col small-12 large-12\"  >\n\t\t\t\t<div class=\"col-inner text-center\"  >\n\t\t\t\n\t\t\t\n\n\t<div id=\"text-477046794\" class=\"text\">\n\t\t\n\n<h2 class=\"uppercase\">Contactez-moi<\/h2>\n<p>\u00a0<\/p>\n\t\t\n<style>\n#text-477046794 {\n  text-align: center;\n}\n<\/style>\n\t<\/div>\n\t\n<a href=\"https:\/\/delphinemayeul.fr\/?page_id=24\" class=\"button white\"  style=\"border-radius:99px;padding:0px 10px 0px 10px;\">\n\t\t<span>contact<\/span>\n\t<\/a>\n\n\n\n\t\t<\/div>\n\t\t\t\t\t<\/div>\n\n\t\n\n<\/div>\n\n<\/div><\/div><\/div>\n\n","protected":false},"excerpt":{"rendered":"","protected":false},"author":2,"featured_media":0,"parent":0,"menu_order":0,"comment_status":"closed","ping_status":"closed","template":"page-blank.php","meta":{"footnotes":""},"class_list":["post-48","page","type-page","status-publish","hentry"],"yoast_head":"<!-- This site is optimized with the Yoast SEO plugin v26.5 - https:\/\/yoast.com\/wordpress\/plugins\/seo\/ -->\n<title>Mes accompagnements - Delphine Mayeul<\/title>\n<meta name=\"description\" content=\"Mes accompagnements\" \/>\n<meta name=\"robots\" content=\"index, follow, max-snippet:-1, max-image-preview:large, max-video-preview:-1\" \/>\n<link rel=\"canonical\" href=\"https:\/\/delphinemayeul.fr\/?page_id=48\" \/>\n<meta property=\"og:locale\" content=\"fr_FR\" \/>\n<meta property=\"og:type\" content=\"article\" \/>\n<meta property=\"og:title\" content=\"Mes accompagnements - Delphine Mayeul\" \/>\n<meta property=\"og:description\" content=\"Mes accompagnements\" \/>\n<meta property=\"og:url\" content=\"https:\/\/delphinemayeul.fr\/?page_id=48\" \/>\n<meta property=\"og:site_name\" content=\"Delphine Mayeul\" \/>\n<meta property=\"article:modified_time\" content=\"2025-12-06T10:49:41+00:00\" \/>\n<meta name=\"twitter:card\" content=\"summary_large_image\" \/>\n<meta name=\"twitter:label1\" content=\"Dur\u00e9e de lecture estim\u00e9e\" \/>\n\t<meta name=\"twitter:data1\" content=\"2 minutes\" \/>\n<script type=\"application\/ld+json\" class=\"yoast-schema-graph\">{\"@context\":\"https:\/\/schema.org\",\"@graph\":[{\"@type\":\"WebPage\",\"@id\":\"https:\/\/delphinemayeul.fr\/?page_id=48\",\"url\":\"https:\/\/delphinemayeul.fr\/?page_id=48\",\"name\":\"Mes accompagnements - Delphine Mayeul\",\"isPartOf\":{\"@id\":\"https:\/\/delphinemayeul.fr\/#website\"},\"datePublished\":\"2025-08-26T14:15:03+00:00\",\"dateModified\":\"2025-12-06T10:49:41+00:00\",\"description\":\"Mes accompagnements\",\"breadcrumb\":{\"@id\":\"https:\/\/delphinemayeul.fr\/?page_id=48#breadcrumb\"},\"inLanguage\":\"fr-FR\",\"potentialAction\":[{\"@type\":\"ReadAction\",\"target\":[\"https:\/\/delphinemayeul.fr\/?page_id=48\"]}]},{\"@type\":\"BreadcrumbList\",\"@id\":\"https:\/\/delphinemayeul.fr\/?page_id=48#breadcrumb\",\"itemListElement\":[{\"@type\":\"ListItem\",\"position\":1,\"name\":\"Accueil\",\"item\":\"https:\/\/delphinemayeul.fr\/\"},{\"@type\":\"ListItem\",\"position\":2,\"name\":\"Mes accompagnements\"}]},{\"@type\":\"WebSite\",\"@id\":\"https:\/\/delphinemayeul.fr\/#website\",\"url\":\"https:\/\/delphinemayeul.fr\/\",\"name\":\"Delphine Mayeul\",\"description\":\"Th\u00e9rapeute bien-\u00eatre holistique\",\"publisher\":{\"@id\":\"https:\/\/delphinemayeul.fr\/#\/schema\/person\/9d61741d0fed6b94415f5149f2ee5999\"},\"potentialAction\":[{\"@type\":\"SearchAction\",\"target\":{\"@type\":\"EntryPoint\",\"urlTemplate\":\"https:\/\/delphinemayeul.fr\/?s={search_term_string}\"},\"query-input\":{\"@type\":\"PropertyValueSpecification\",\"valueRequired\":true,\"valueName\":\"search_term_string\"}}],\"inLanguage\":\"fr-FR\"},{\"@type\":[\"Person\",\"Organization\"],\"@id\":\"https:\/\/delphinemayeul.fr\/#\/schema\/person\/9d61741d0fed6b94415f5149f2ee5999\",\"name\":\"delphine\",\"image\":{\"@type\":\"ImageObject\",\"inLanguage\":\"fr-FR\",\"@id\":\"https:\/\/delphinemayeul.fr\/#\/schema\/person\/image\/\",\"url\":\"https:\/\/delphinemayeul.fr\/wp-content\/uploads\/2025\/09\/fleuroeil.jpg\",\"contentUrl\":\"https:\/\/delphinemayeul.fr\/wp-content\/uploads\/2025\/09\/fleuroeil.jpg\",\"width\":566,\"height\":403,\"caption\":\"delphine\"},\"logo\":{\"@id\":\"https:\/\/delphinemayeul.fr\/#\/schema\/person\/image\/\"},\"sameAs\":[\"http:\/\/delphinemayeul.fr\"]}]}<\/script>\n<!-- \/ Yoast SEO plugin. -->","yoast_head_json":{"title":"Mes accompagnements - Delphine Mayeul","description":"Mes accompagnements","robots":{"index":"index","follow":"follow","max-snippet":"max-snippet:-1","max-image-preview":"max-image-preview:large","max-video-preview":"max-video-preview:-1"},"canonical":"https:\/\/delphinemayeul.fr\/?page_id=48","og_locale":"fr_FR","og_type":"article","og_title":"Mes accompagnements - Delphine Mayeul","og_description":"Mes accompagnements","og_url":"https:\/\/delphinemayeul.fr\/?page_id=48","og_site_name":"Delphine Mayeul","article_modified_time":"2025-12-06T10:49:41+00:00","twitter_card":"summary_large_image","twitter_misc":{"Dur\u00e9e de lecture estim\u00e9e":"2 minutes"},"schema":{"@context":"https:\/\/schema.org","@graph":[{"@type":"WebPage","@id":"https:\/\/delphinemayeul.fr\/?page_id=48","url":"https:\/\/delphinemayeul.fr\/?page_id=48","name":"Mes accompagnements - Delphine Mayeul","isPartOf":{"@id":"https:\/\/delphinemayeul.fr\/#website"},"datePublished":"2025-08-26T14:15:03+00:00","dateModified":"2025-12-06T10:49:41+00:00","description":"Mes accompagnements","breadcrumb":{"@id":"https:\/\/delphinemayeul.fr\/?page_id=48#breadcrumb"},"inLanguage":"fr-FR","potentialAction":[{"@type":"ReadAction","target":["https:\/\/delphinemayeul.fr\/?page_id=48"]}]},{"@type":"BreadcrumbList","@id":"https:\/\/delphinemayeul.fr\/?page_id=48#breadcrumb","itemListElement":[{"@type":"ListItem","position":1,"name":"Accueil","item":"https:\/\/delphinemayeul.fr\/"},{"@type":"ListItem","position":2,"name":"Mes accompagnements"}]},{"@type":"WebSite","@id":"https:\/\/delphinemayeul.fr\/#website","url":"https:\/\/delphinemayeul.fr\/","name":"Delphine Mayeul","description":"Th\u00e9rapeute bien-\u00eatre holistique","publisher":{"@id":"https:\/\/delphinemayeul.fr\/#\/schema\/person\/9d61741d0fed6b94415f5149f2ee5999"},"potentialAction":[{"@type":"SearchAction","target":{"@type":"EntryPoint","urlTemplate":"https:\/\/delphinemayeul.fr\/?s={search_term_string}"},"query-input":{"@type":"PropertyValueSpecification","valueRequired":true,"valueName":"search_term_string"}}],"inLanguage":"fr-FR"},{"@type":["Person","Organization"],"@id":"https:\/\/delphinemayeul.fr\/#\/schema\/person\/9d61741d0fed6b94415f5149f2ee5999","name":"delphine","image":{"@type":"ImageObject","inLanguage":"fr-FR","@id":"https:\/\/delphinemayeul.fr\/#\/schema\/person\/image\/","url":"https:\/\/delphinemayeul.fr\/wp-content\/uploads\/2025\/09\/fleuroeil.jpg","contentUrl":"https:\/\/delphinemayeul.fr\/wp-content\/uploads\/2025\/09\/fleuroeil.jpg","width":566,"height":403,"caption":"delphine"},"logo":{"@id":"https:\/\/delphinemayeul.fr\/#\/schema\/person\/image\/"},"sameAs":["http:\/\/delphinemayeul.fr"]}]}},"_links":{"self":[{"href":"https:\/\/delphinemayeul.fr\/index.php?rest_route=\/wp\/v2\/pages\/48","targetHints":{"allow":["GET"]}}],"collection":[{"href":"https:\/\/delphinemayeul.fr\/index.php?rest_route=\/wp\/v2\/pages"}],"about":[{"href":"https:\/\/delphinemayeul.fr\/index.php?rest_route=\/wp\/v2\/types\/page"}],"author":[{"embeddable":true,"href":"https:\/\/delphinemayeul.fr\/index.php?rest_route=\/wp\/v2\/users\/2"}],"replies":[{"embeddable":true,"href":"https:\/\/delphinemayeul.fr\/index.php?rest_route=%2Fwp%2Fv2%2Fcomments&post=48"}],"version-history":[{"count":7,"href":"https:\/\/delphinemayeul.fr\/index.php?rest_route=\/wp\/v2\/pages\/48\/revisions"}],"predecessor-version":[{"id":257,"href":"https:\/\/delphinemayeul.fr\/index.php?rest_route=\/wp\/v2\/pages\/48\/revisions\/257"}],"wp:attachment":[{"href":"https:\/\/delphinemayeul.fr\/index.php?rest_route=%2Fwp%2Fv2%2Fmedia&parent=48"}],"curies":[{"name":"wp","href":"https:\/\/api.w.org\/{rel}","templated":true}]}}