{"id":20,"date":"2025-08-26T09:30:03","date_gmt":"2025-08-26T09:30:03","guid":{"rendered":"http:\/\/delphinemayeul.fr\/?page_id=20"},"modified":"2025-12-06T10:56:05","modified_gmt":"2025-12-06T10:56:05","slug":"massages-visage-drainant-lymphatique","status":"publish","type":"page","link":"https:\/\/delphinemayeul.fr\/?page_id=20","title":{"rendered":"Massages visage drainant lymphatique"},"content":{"rendered":"\n<div class=\"slider-wrapper relative\" id=\"slider-1526481478\" >\n    <div class=\"slider slider-nav-circle slider-nav-large slider-nav-light slider-style-normal\"\n        data-flickity-options='{\n            \"cellAlign\": \"center\",\n            \"imagesLoaded\": true,\n            \"lazyLoad\": 1,\n            \"freeScroll\": false,\n            \"wrapAround\": true,\n            \"autoPlay\": 6000,\n            \"pauseAutoPlayOnHover\" : true,\n            \"prevNextButtons\": true,\n            \"contain\" : true,\n            \"adaptiveHeight\" : true,\n            \"dragThreshold\" : 10,\n            \"percentPosition\": true,\n            \"pageDots\": true,\n            \"rightToLeft\": false,\n            \"draggable\": true,\n            \"selectedAttraction\": 0.1,\n            \"parallax\" : 0,\n            \"friction\": 0.6        }'\n        >\n        \n\n\n  <div class=\"banner has-hover\" id=\"banner-701204353\">\n          <div class=\"banner-inner fill\">\n        <div class=\"banner-bg fill\" >\n            <img loading=\"lazy\" decoding=\"async\" width=\"1920\" height=\"1248\" src=\"https:\/\/delphinemayeul.fr\/wp-content\/uploads\/2025\/12\/Les-bienfaits-du-drainage-lymphatique-pour-le-visage.jpg\" class=\"bg attachment-original size-original\" alt=\"\" \/>                                    \n                    <\/div>\n\t\t\n        <div class=\"banner-layers container\">\n            <div class=\"fill banner-link\"><\/div>            \n\n   <div id=\"text-box-1194802150\" class=\"text-box banner-layer x0 md-x0 lg-x0 y95 md-y95 lg-y95 res-text\">\n                                <div class=\"text-box-content text box-shadow-1\">\n              \n              <div class=\"text-inner text-left\">\n                  \n\n<h3><span style=\"color: #282828;\"><strong>D\u00e9tox, \u00e9clat et l\u00e9g\u00e8ret\u00e9 du visage<\/strong><\/span><\/h3>\n<p><span style=\"color: #282828;\">Le massage visage drainant lymphatique est un soin \u00e0 la fois esth\u00e9tique et th\u00e9rapeutique, qui stimule la circulation de la lymphe pour d\u00e9toxifier, raffermir et illuminer la peau.<\/span><br \/><span style=\"color: #282828;\">La lymphe joue un r\u00f4le essentiel dans l\u2019\u00e9limination des toxines et le bon fonctionnement du syst\u00e8me immunitaire. Lorsqu\u2019elle circule mal, elle peut entra\u00eener gonflements, teint terne, cernes, poches et perte d\u2019\u00e9clat.<\/span><\/p>\n<p><span style=\"color: #282828;\">Gr\u00e2ce \u00e0 des mouvements pr\u00e9cis, doux et rythm\u00e9s, ce massage active la microcirculation, favorise le drainage naturel des toxines et redonne au visage sa fra\u00eecheur et sa vitalit\u00e9.<\/span><\/p>\n\n              <\/div>\n           <\/div>\n                            \n<style>\n#text-box-1194802150 .text-box-content {\n  background-color: rgba(255, 255, 255, 0.314);\n  font-size: 100%;\n}\n#text-box-1194802150 .text-inner {\n  padding: 30px 30px 30px 30px;\n}\n#text-box-1194802150 {\n  width: 90%;\n}\n@media (min-width:550px) {\n  #text-box-1194802150 {\n    width: 78%;\n  }\n}\n<\/style>\n    <\/div>\n \n\n        <\/div>\n      <\/div>\n\n            \n<style>\n#banner-701204353 {\n  padding-top: 637px;\n}\n#banner-701204353 .banner-bg img {\n  object-position: 62% 60%;\n}\n<\/style>\n  <\/div>\n\n\n\n     <\/div>\n\n     <div class=\"loading-spin dark large centered\"><\/div>\n\n\t<\/div>\n\n\n<div class=\"container section-title-container\" ><h3 class=\"section-title section-title-center\"><b><\/b><span class=\"section-title-main\" >ses bienfaits<\/span><b><\/b><\/h3><\/div>\n\n\n\t<section class=\"section\" id=\"section_2037471883\">\n\t\t<div class=\"section-bg fill\" >\n\t\t\t\t\t\t\t\t\t\n\t\t\t\n\n\t\t<\/div>\n\n\t\t\n\n\t\t<div class=\"section-content relative\">\n\t\t\t\n\n<div class=\"row row-large align-center row-divided\"  id=\"row-1414857321\">\n\n\n\t<div id=\"col-997398950\" class=\"col medium-4 large-4\"  >\n\t\t\t\t<div class=\"col-inner\"  >\n\t\t\t\n\t\t\t\n\n\n\t\t<div class=\"icon-box featured-box icon-box-center text-center\"  style=\"margin:0px 0px 0px 0px;\">\n\t\t\t\t\t<div class=\"icon-box-img\" style=\"width: 110px\">\n\t\t\t\t<div class=\"icon\">\n\t\t\t\t\t<div class=\"icon-inner\" style=\"color:rgb(255, 255, 255);\">\n\t\t\t\t\t\t<img loading=\"lazy\" decoding=\"async\" width=\"300\" height=\"274\" src=\"https:\/\/delphinemayeul.fr\/wp-content\/uploads\/2025\/09\/elephant-300x274.jpg\" class=\"attachment-medium size-medium\" alt=\"\" srcset=\"https:\/\/delphinemayeul.fr\/wp-content\/uploads\/2025\/09\/elephant-300x274.jpg 300w, https:\/\/delphinemayeul.fr\/wp-content\/uploads\/2025\/09\/elephant.jpg 448w\" sizes=\"auto, (max-width: 300px) 100vw, 300px\" \/>\t\t\t\t\t<\/div>\n\t\t\t\t<\/div>\n\t\t\t<\/div>\n\t\t\t\t<div class=\"icon-box-text last-reset\">\n\t\t\t\t\t\t\t\t\t\n\n<p>D\u00e9toxifie et purifie les tissus en stimulant la circulation lymphatique.<\/p>\n\n\t\t<\/div>\n\t<\/div>\n\t\n\t\n\n\t\t<\/div>\n\t\t\t\t\t<\/div>\n\n\t\n\n\t<div id=\"col-673051381\" class=\"col medium-4 large-4\"  >\n\t\t\t\t<div class=\"col-inner\"  >\n\t\t\t\n\t\t\t\n\n\n\t\t<div class=\"icon-box featured-box icon-box-center text-center\"  style=\"margin:0px 0px 0px 0px;\">\n\t\t\t\t\t<div class=\"icon-box-img\" style=\"width: 142px\">\n\t\t\t\t<div class=\"icon\">\n\t\t\t\t\t<div class=\"icon-inner\" style=\"color:rgb(255, 255, 255);\">\n\t\t\t\t\t\t<img loading=\"lazy\" decoding=\"async\" width=\"300\" height=\"214\" src=\"https:\/\/delphinemayeul.fr\/wp-content\/uploads\/2025\/09\/fleuroeil-300x214.jpg\" class=\"attachment-medium size-medium\" alt=\"\" srcset=\"https:\/\/delphinemayeul.fr\/wp-content\/uploads\/2025\/09\/fleuroeil-300x214.jpg 300w, https:\/\/delphinemayeul.fr\/wp-content\/uploads\/2025\/09\/fleuroeil.jpg 566w\" sizes=\"auto, (max-width: 300px) 100vw, 300px\" \/>\t\t\t\t\t<\/div>\n\t\t\t\t<\/div>\n\t\t\t<\/div>\n\t\t\t\t<div class=\"icon-box-text last-reset\">\n\t\t\t\t\t\t\t\t\t\n\n<p>R\u00e9duit visiblement les poches et les cernes.<\/p>\n\n\t\t<\/div>\n\t<\/div>\n\t\n\t\n\n\t\t<\/div>\n\t\t\t\t\t<\/div>\n\n\t\n\n\t<div id=\"col-1104567422\" class=\"col medium-4 large-4\"  >\n\t\t\t\t<div class=\"col-inner\"  >\n\t\t\t\n\t\t\t\n\n\n\t\t<div class=\"icon-box featured-box icon-box-center text-center\"  style=\"margin:0px 0px 0px 0px;\">\n\t\t\t\t\t<div class=\"icon-box-img\" style=\"width: 110px\">\n\t\t\t\t<div class=\"icon\">\n\t\t\t\t\t<div class=\"icon-inner\" style=\"color:rgb(255, 255, 255);\">\n\t\t\t\t\t\t<img loading=\"lazy\" decoding=\"async\" width=\"300\" height=\"282\" src=\"https:\/\/delphinemayeul.fr\/wp-content\/uploads\/2025\/09\/soleil-300x282.jpg\" class=\"attachment-medium size-medium\" alt=\"\" srcset=\"https:\/\/delphinemayeul.fr\/wp-content\/uploads\/2025\/09\/soleil-300x282.jpg 300w, https:\/\/delphinemayeul.fr\/wp-content\/uploads\/2025\/09\/soleil.jpg 392w\" sizes=\"auto, (max-width: 300px) 100vw, 300px\" \/>\t\t\t\t\t<\/div>\n\t\t\t\t<\/div>\n\t\t\t<\/div>\n\t\t\t\t<div class=\"icon-box-text last-reset\">\n\t\t\t\t\t\t\t\t\t\n\n<p>Raffermit les traits et tonifie la peau.<\/p>\n\n\t\t<\/div>\n\t<\/div>\n\t\n\t\n\n\t\t<\/div>\n\t\t\t\t\t<\/div>\n\n\t\n\n\t<div id=\"col-1709662559\" class=\"col medium-4 small-12 large-4\"  >\n\t\t\t\t<div class=\"col-inner\"  >\n\t\t\t\n\t\t\t\n\n\n\t\t<div class=\"icon-box featured-box icon-box-center text-center\"  >\n\t\t\t\t\t<div class=\"icon-box-img\" style=\"width: 142px\">\n\t\t\t\t<div class=\"icon\">\n\t\t\t\t\t<div class=\"icon-inner\" >\n\t\t\t\t\t\t<img loading=\"lazy\" decoding=\"async\" width=\"300\" height=\"215\" src=\"https:\/\/delphinemayeul.fr\/wp-content\/uploads\/2025\/09\/etoileetpoint-300x215.jpg\" class=\"attachment-medium size-medium\" alt=\"\" srcset=\"https:\/\/delphinemayeul.fr\/wp-content\/uploads\/2025\/09\/etoileetpoint-300x215.jpg 300w, https:\/\/delphinemayeul.fr\/wp-content\/uploads\/2025\/09\/etoileetpoint.jpg 386w\" sizes=\"auto, (max-width: 300px) 100vw, 300px\" \/>\t\t\t\t\t<\/div>\n\t\t\t\t<\/div>\n\t\t\t<\/div>\n\t\t\t\t<div class=\"icon-box-text last-reset\">\n\t\t\t\t\t\t\t\t\t\n\n<p>Illumine le teint et redonne de l\u2019\u00e9clat naturel.<\/p>\n\n\t\t<\/div>\n\t<\/div>\n\t\n\t\n\n\t\t<\/div>\n\t\t\t\t\t<\/div>\n\n\t\n\n\t<div id=\"col-1712340703\" class=\"col medium-4 small-12 large-4\"  >\n\t\t\t\t<div class=\"col-inner\"  >\n\t\t\t\n\t\t\t\n\n\n\t\t<div class=\"icon-box featured-box icon-box-center text-center\"  >\n\t\t\t\t\t<div class=\"icon-box-img\" style=\"width: 136px\">\n\t\t\t\t<div class=\"icon\">\n\t\t\t\t\t<div class=\"icon-inner\" >\n\t\t\t\t\t\t<img loading=\"lazy\" decoding=\"async\" width=\"300\" height=\"228\" src=\"https:\/\/delphinemayeul.fr\/wp-content\/uploads\/2025\/09\/fleur-contourbleu-300x228.jpg\" class=\"attachment-medium size-medium\" alt=\"\" srcset=\"https:\/\/delphinemayeul.fr\/wp-content\/uploads\/2025\/09\/fleur-contourbleu-300x228.jpg 300w, https:\/\/delphinemayeul.fr\/wp-content\/uploads\/2025\/09\/fleur-contourbleu.jpg 448w\" sizes=\"auto, (max-width: 300px) 100vw, 300px\" \/>\t\t\t\t\t<\/div>\n\t\t\t\t<\/div>\n\t\t\t<\/div>\n\t\t\t\t<div class=\"icon-box-text last-reset\">\n\t\t\t\t\t\t\t\t\t\n\n<p>D\u00e9tend profond\u00e9ment les tensions du visage, du cou et de la nuque.<\/p>\n\n\t\t<\/div>\n\t<\/div>\n\t\n\t\n\n\t\t<\/div>\n\t\t\t\t\t<\/div>\n\n\t\n\n<\/div>\n\n\t\t<\/div>\n\n\t\t\n<style>\n#section_2037471883 {\n  padding-top: 30px;\n  padding-bottom: 30px;\n  background-color: rgb(255, 255, 255);\n}\n<\/style>\n\t<\/section>\n\t\n<div class=\"row\"  id=\"row-1040665672\">\n\n\n\t<div id=\"col-1747666308\" class=\"col small-12 large-12\"  >\n\t\t\t\t<div class=\"col-inner\"  >\n\t\t\t\n\t\t\t\n\n<p>Ce soin offre un v\u00e9ritable moment de d\u00e9tente et de reconnexion \u00e0 soi. En agissant sur le flux lymphatique et \u00e9nerg\u00e9tique, il harmonise \u00e0 la fois le corps et l\u2019esprit, permettant de ressentir une sensation imm\u00e9diate de l\u00e9g\u00e8ret\u00e9 et de bien-\u00eatre global.<\/p>\n\n\t\t<\/div>\n\t\t\t\t\t<\/div>\n\n\t\n\n<\/div>\n<div class=\"container section-title-container\" ><h3 class=\"section-title section-title-center\"><b><\/b><span class=\"section-title-main\" >Id\u00e9al pour retrouver un visage repos\u00e9, lumineux et naturellement rajeuni.<\/span><b><\/b><\/h3><\/div>\n\n\n","protected":false},"excerpt":{"rendered":"","protected":false},"author":2,"featured_media":0,"parent":0,"menu_order":0,"comment_status":"closed","ping_status":"closed","template":"page-blank.php","meta":{"footnotes":""},"class_list":["post-20","page","type-page","status-publish","hentry"],"yoast_head":"<!-- This site is optimized with the Yoast SEO plugin v26.5 - https:\/\/yoast.com\/wordpress\/plugins\/seo\/ -->\n<title>Massages visage drainant lymphatique - Delphine Mayeul<\/title>\n<meta name=\"description\" content=\"Massages visage drainant lymphatique\" \/>\n<meta name=\"robots\" content=\"index, follow, max-snippet:-1, max-image-preview:large, max-video-preview:-1\" \/>\n<link rel=\"canonical\" href=\"https:\/\/delphinemayeul.fr\/?page_id=20\" \/>\n<meta property=\"og:locale\" content=\"fr_FR\" \/>\n<meta property=\"og:type\" content=\"article\" \/>\n<meta property=\"og:title\" content=\"Massages visage drainant lymphatique - Delphine Mayeul\" \/>\n<meta property=\"og:description\" content=\"Massages visage drainant lymphatique\" \/>\n<meta property=\"og:url\" content=\"https:\/\/delphinemayeul.fr\/?page_id=20\" \/>\n<meta property=\"og:site_name\" content=\"Delphine Mayeul\" \/>\n<meta property=\"article:modified_time\" content=\"2025-12-06T10:56:05+00:00\" \/>\n<meta name=\"twitter:card\" content=\"summary_large_image\" \/>\n<meta name=\"twitter:label1\" content=\"Dur\u00e9e de lecture estim\u00e9e\" \/>\n\t<meta name=\"twitter:data1\" content=\"2 minutes\" \/>\n<script type=\"application\/ld+json\" class=\"yoast-schema-graph\">{\"@context\":\"https:\/\/schema.org\",\"@graph\":[{\"@type\":\"WebPage\",\"@id\":\"https:\/\/delphinemayeul.fr\/?page_id=20\",\"url\":\"https:\/\/delphinemayeul.fr\/?page_id=20\",\"name\":\"Massages visage drainant lymphatique - Delphine Mayeul\",\"isPartOf\":{\"@id\":\"https:\/\/delphinemayeul.fr\/#website\"},\"datePublished\":\"2025-08-26T09:30:03+00:00\",\"dateModified\":\"2025-12-06T10:56:05+00:00\",\"description\":\"Massages visage drainant lymphatique\",\"breadcrumb\":{\"@id\":\"https:\/\/delphinemayeul.fr\/?page_id=20#breadcrumb\"},\"inLanguage\":\"fr-FR\",\"potentialAction\":[{\"@type\":\"ReadAction\",\"target\":[\"https:\/\/delphinemayeul.fr\/?page_id=20\"]}]},{\"@type\":\"BreadcrumbList\",\"@id\":\"https:\/\/delphinemayeul.fr\/?page_id=20#breadcrumb\",\"itemListElement\":[{\"@type\":\"ListItem\",\"position\":1,\"name\":\"Accueil\",\"item\":\"https:\/\/delphinemayeul.fr\/\"},{\"@type\":\"ListItem\",\"position\":2,\"name\":\"Massages visage drainant lymphatique\"}]},{\"@type\":\"WebSite\",\"@id\":\"https:\/\/delphinemayeul.fr\/#website\",\"url\":\"https:\/\/delphinemayeul.fr\/\",\"name\":\"Delphine Mayeul\",\"description\":\"Th\u00e9rapeute bien-\u00eatre holistique\",\"publisher\":{\"@id\":\"https:\/\/delphinemayeul.fr\/#\/schema\/person\/9d61741d0fed6b94415f5149f2ee5999\"},\"potentialAction\":[{\"@type\":\"SearchAction\",\"target\":{\"@type\":\"EntryPoint\",\"urlTemplate\":\"https:\/\/delphinemayeul.fr\/?s={search_term_string}\"},\"query-input\":{\"@type\":\"PropertyValueSpecification\",\"valueRequired\":true,\"valueName\":\"search_term_string\"}}],\"inLanguage\":\"fr-FR\"},{\"@type\":[\"Person\",\"Organization\"],\"@id\":\"https:\/\/delphinemayeul.fr\/#\/schema\/person\/9d61741d0fed6b94415f5149f2ee5999\",\"name\":\"delphine\",\"image\":{\"@type\":\"ImageObject\",\"inLanguage\":\"fr-FR\",\"@id\":\"https:\/\/delphinemayeul.fr\/#\/schema\/person\/image\/\",\"url\":\"https:\/\/delphinemayeul.fr\/wp-content\/uploads\/2025\/09\/fleuroeil.jpg\",\"contentUrl\":\"https:\/\/delphinemayeul.fr\/wp-content\/uploads\/2025\/09\/fleuroeil.jpg\",\"width\":566,\"height\":403,\"caption\":\"delphine\"},\"logo\":{\"@id\":\"https:\/\/delphinemayeul.fr\/#\/schema\/person\/image\/\"},\"sameAs\":[\"http:\/\/delphinemayeul.fr\"]}]}<\/script>\n<!-- \/ Yoast SEO plugin. -->","yoast_head_json":{"title":"Massages visage drainant lymphatique - Delphine Mayeul","description":"Massages visage drainant lymphatique","robots":{"index":"index","follow":"follow","max-snippet":"max-snippet:-1","max-image-preview":"max-image-preview:large","max-video-preview":"max-video-preview:-1"},"canonical":"https:\/\/delphinemayeul.fr\/?page_id=20","og_locale":"fr_FR","og_type":"article","og_title":"Massages visage drainant lymphatique - Delphine Mayeul","og_description":"Massages visage drainant lymphatique","og_url":"https:\/\/delphinemayeul.fr\/?page_id=20","og_site_name":"Delphine Mayeul","article_modified_time":"2025-12-06T10:56:05+00:00","twitter_card":"summary_large_image","twitter_misc":{"Dur\u00e9e de lecture estim\u00e9e":"2 minutes"},"schema":{"@context":"https:\/\/schema.org","@graph":[{"@type":"WebPage","@id":"https:\/\/delphinemayeul.fr\/?page_id=20","url":"https:\/\/delphinemayeul.fr\/?page_id=20","name":"Massages visage drainant lymphatique - Delphine Mayeul","isPartOf":{"@id":"https:\/\/delphinemayeul.fr\/#website"},"datePublished":"2025-08-26T09:30:03+00:00","dateModified":"2025-12-06T10:56:05+00:00","description":"Massages visage drainant lymphatique","breadcrumb":{"@id":"https:\/\/delphinemayeul.fr\/?page_id=20#breadcrumb"},"inLanguage":"fr-FR","potentialAction":[{"@type":"ReadAction","target":["https:\/\/delphinemayeul.fr\/?page_id=20"]}]},{"@type":"BreadcrumbList","@id":"https:\/\/delphinemayeul.fr\/?page_id=20#breadcrumb","itemListElement":[{"@type":"ListItem","position":1,"name":"Accueil","item":"https:\/\/delphinemayeul.fr\/"},{"@type":"ListItem","position":2,"name":"Massages visage drainant lymphatique"}]},{"@type":"WebSite","@id":"https:\/\/delphinemayeul.fr\/#website","url":"https:\/\/delphinemayeul.fr\/","name":"Delphine Mayeul","description":"Th\u00e9rapeute bien-\u00eatre holistique","publisher":{"@id":"https:\/\/delphinemayeul.fr\/#\/schema\/person\/9d61741d0fed6b94415f5149f2ee5999"},"potentialAction":[{"@type":"SearchAction","target":{"@type":"EntryPoint","urlTemplate":"https:\/\/delphinemayeul.fr\/?s={search_term_string}"},"query-input":{"@type":"PropertyValueSpecification","valueRequired":true,"valueName":"search_term_string"}}],"inLanguage":"fr-FR"},{"@type":["Person","Organization"],"@id":"https:\/\/delphinemayeul.fr\/#\/schema\/person\/9d61741d0fed6b94415f5149f2ee5999","name":"delphine","image":{"@type":"ImageObject","inLanguage":"fr-FR","@id":"https:\/\/delphinemayeul.fr\/#\/schema\/person\/image\/","url":"https:\/\/delphinemayeul.fr\/wp-content\/uploads\/2025\/09\/fleuroeil.jpg","contentUrl":"https:\/\/delphinemayeul.fr\/wp-content\/uploads\/2025\/09\/fleuroeil.jpg","width":566,"height":403,"caption":"delphine"},"logo":{"@id":"https:\/\/delphinemayeul.fr\/#\/schema\/person\/image\/"},"sameAs":["http:\/\/delphinemayeul.fr"]}]}},"_links":{"self":[{"href":"https:\/\/delphinemayeul.fr\/index.php?rest_route=\/wp\/v2\/pages\/20","targetHints":{"allow":["GET"]}}],"collection":[{"href":"https:\/\/delphinemayeul.fr\/index.php?rest_route=\/wp\/v2\/pages"}],"about":[{"href":"https:\/\/delphinemayeul.fr\/index.php?rest_route=\/wp\/v2\/types\/page"}],"author":[{"embeddable":true,"href":"https:\/\/delphinemayeul.fr\/index.php?rest_route=\/wp\/v2\/users\/2"}],"replies":[{"embeddable":true,"href":"https:\/\/delphinemayeul.fr\/index.php?rest_route=%2Fwp%2Fv2%2Fcomments&post=20"}],"version-history":[{"count":6,"href":"https:\/\/delphinemayeul.fr\/index.php?rest_route=\/wp\/v2\/pages\/20\/revisions"}],"predecessor-version":[{"id":263,"href":"https:\/\/delphinemayeul.fr\/index.php?rest_route=\/wp\/v2\/pages\/20\/revisions\/263"}],"wp:attachment":[{"href":"https:\/\/delphinemayeul.fr\/index.php?rest_route=%2Fwp%2Fv2%2Fmedia&parent=20"}],"curies":[{"name":"wp","href":"https:\/\/api.w.org\/{rel}","templated":true}]}}