{"id":16,"date":"2025-08-26T09:28:07","date_gmt":"2025-08-26T09:28:07","guid":{"rendered":"http:\/\/delphinemayeul.fr\/?page_id=16"},"modified":"2025-12-06T11:09:21","modified_gmt":"2025-12-06T11:09:21","slug":"soins-energetiques-japonais","status":"publish","type":"page","link":"https:\/\/delphinemayeul.fr\/?page_id=16","title":{"rendered":"Soins \u00e9nerg\u00e9tiques japonais"},"content":{"rendered":"\n<div class=\"slider-wrapper relative\" id=\"slider-2120756844\" >\n    <div class=\"slider slider-nav-circle slider-nav-large slider-nav-light slider-style-normal\"\n        data-flickity-options='{\n            \"cellAlign\": \"center\",\n            \"imagesLoaded\": true,\n            \"lazyLoad\": 1,\n            \"freeScroll\": false,\n            \"wrapAround\": true,\n            \"autoPlay\": 6000,\n            \"pauseAutoPlayOnHover\" : true,\n            \"prevNextButtons\": true,\n            \"contain\" : true,\n            \"adaptiveHeight\" : true,\n            \"dragThreshold\" : 10,\n            \"percentPosition\": true,\n            \"pageDots\": true,\n            \"rightToLeft\": false,\n            \"draggable\": true,\n            \"selectedAttraction\": 0.1,\n            \"parallax\" : 0,\n            \"friction\": 0.6        }'\n        >\n        \n\n\n  <div class=\"banner has-hover\" id=\"banner-1506344519\">\n          <div class=\"banner-inner fill\">\n        <div class=\"banner-bg fill\" >\n            <img loading=\"lazy\" decoding=\"async\" width=\"848\" height=\"565\" src=\"https:\/\/delphinemayeul.fr\/wp-content\/uploads\/2025\/12\/massage-2.jpg\" class=\"bg attachment-original size-original\" alt=\"\" \/>                                    \n                    <\/div>\n\t\t\n        <div class=\"banner-layers container\">\n            <div class=\"fill banner-link\"><\/div>            \n\n   <div id=\"text-box-668802906\" class=\"text-box banner-layer x50 md-x50 lg-x50 y95 md-y5 lg-y5 res-text\">\n                                <div class=\"text-box-content text box-shadow-1\">\n              \n              <div class=\"text-inner text-left\">\n                  \n\n<h3><span style=\"color: #282828;\"><strong>R\u00e9\u00e9quilibrer le corps, l\u2019esprit et l\u2019\u00e2me<\/strong><\/span><\/h3>\n<p><span style=\"color: #282828;\">Le soin \u00e9nerg\u00e9tique japonais est une pratique douce, puissante et profond\u00e9ment r\u00e9harmonisante. Inspir\u00e9 des traditions ancestrales japonaises, il vise \u00e0 r\u00e9tablir la libre circulation de l\u2019\u00e9nergie vitale dans tout le corps afin de restaurer l\u2019\u00e9quilibre, la vitalit\u00e9 et la paix int\u00e9rieure.<\/span><\/p>\n<p><span style=\"color: #282828;\">Gr\u00e2ce \u00e0 un toucher subtil et \u00e0 une \u00e9coute vibratoire, l\u2019\u00e9nergie est canalis\u00e9e et transmise par les mains pour lib\u00e9rer les blocages, apaiser les tensions et r\u00e9aligner les centres \u00e9nerg\u00e9tiques. Chaque s\u00e9ance agit \u00e0 la fois sur le plan physique, \u00e9motionnel, mental et spirituel, selon vos besoins du moment.<\/span><\/p>\n\n              <\/div>\n           <\/div>\n                            \n<style>\n#text-box-668802906 .text-box-content {\n  background-color: rgba(255, 255, 255, 0.302);\n  font-size: 100%;\n}\n#text-box-668802906 .text-inner {\n  padding: 30px 30px 30px 30px;\n}\n#text-box-668802906 {\n  width: 90%;\n}\n@media (min-width:550px) {\n  #text-box-668802906 {\n    width: 93%;\n  }\n}\n<\/style>\n    <\/div>\n \n\n        <\/div>\n      <\/div>\n\n            \n<style>\n#banner-1506344519 {\n  padding-top: 637px;\n}\n#banner-1506344519 .banner-bg img {\n  object-position: 62% 60%;\n}\n<\/style>\n  <\/div>\n\n\n\n     <\/div>\n\n     <div class=\"loading-spin dark large centered\"><\/div>\n\n\t<\/div>\n\n\n<div class=\"container section-title-container\" ><h3 class=\"section-title section-title-center\"><b><\/b><span class=\"section-title-main\" >il aide \u00e0 :<\/span><b><\/b><\/h3><\/div>\n\n\n\t<section class=\"section\" id=\"section_1136029646\">\n\t\t<div class=\"section-bg fill\" >\n\t\t\t\t\t\t\t\t\t\n\t\t\t\n\n\t\t<\/div>\n\n\t\t\n\n\t\t<div class=\"section-content relative\">\n\t\t\t\n\n<div class=\"row row-large align-center row-divided\"  id=\"row-1665470187\">\n\n\n\t<div id=\"col-2106489524\" class=\"col medium-4 large-4\"  >\n\t\t\t\t<div class=\"col-inner\"  >\n\t\t\t\n\t\t\t\n\n\n\t\t<div class=\"icon-box featured-box icon-box-center text-center\"  style=\"margin:0px 0px 0px 0px;\">\n\t\t\t\t\t<div class=\"icon-box-img has-icon-bg\" style=\"width: 104px\">\n\t\t\t\t<div class=\"icon\">\n\t\t\t\t\t<div class=\"icon-inner\" style=\"border-width:2px;color:rgb(255, 255, 255);\">\n\t\t\t\t\t\t<img loading=\"lazy\" decoding=\"async\" width=\"279\" height=\"273\" src=\"https:\/\/delphinemayeul.fr\/wp-content\/uploads\/2025\/09\/feuille-seule.jpg\" class=\"attachment-medium size-medium\" alt=\"\" \/>\t\t\t\t\t<\/div>\n\t\t\t\t<\/div>\n\t\t\t<\/div>\n\t\t\t\t<div class=\"icon-box-text last-reset\">\n\t\t\t\t\t\t\t\t\t\n\n<p>D\u00e9bloquer les \u00e9nergies cristallis\u00e9es dans le corps (\u00e9motions refoul\u00e9es, tensions, stagnations \u00e9nerg\u00e9tiques).<\/p>\n\n\t\t<\/div>\n\t<\/div>\n\t\n\t\n\n\t\t<\/div>\n\t\t\t\t\t<\/div>\n\n\t\n\n\t<div id=\"col-2091842957\" class=\"col medium-4 large-4\"  >\n\t\t\t\t<div class=\"col-inner\"  >\n\t\t\t\n\t\t\t\n\n\n\t\t<div class=\"icon-box featured-box icon-box-center text-center\"  style=\"margin:0px 0px 0px 0px;\">\n\t\t\t\t\t<div class=\"icon-box-img has-icon-bg\" style=\"width: 104px\">\n\t\t\t\t<div class=\"icon\">\n\t\t\t\t\t<div class=\"icon-inner\" style=\"border-width:2px;color:rgb(255, 255, 255);\">\n\t\t\t\t\t\t<img loading=\"lazy\" decoding=\"async\" width=\"300\" height=\"276\" src=\"https:\/\/delphinemayeul.fr\/wp-content\/uploads\/2025\/09\/feuilles-a-plat-300x276.jpg\" class=\"attachment-medium size-medium\" alt=\"\" srcset=\"https:\/\/delphinemayeul.fr\/wp-content\/uploads\/2025\/09\/feuilles-a-plat-300x276.jpg 300w, https:\/\/delphinemayeul.fr\/wp-content\/uploads\/2025\/09\/feuilles-a-plat.jpg 435w\" sizes=\"auto, (max-width: 300px) 100vw, 300px\" \/>\t\t\t\t\t<\/div>\n\t\t\t\t<\/div>\n\t\t\t<\/div>\n\t\t\t\t<div class=\"icon-box-text last-reset\">\n\t\t\t\t\t\t\t\t\t\n\n<p>R\u00e9\u00e9quilibrer les centres \u00e9nerg\u00e9tiques pour retrouver alignement et vitalit\u00e9.<\/p>\n\n\t\t<\/div>\n\t<\/div>\n\t\n\t\n\n\t\t<\/div>\n\t\t\t\t\t<\/div>\n\n\t\n\n\t<div id=\"col-1936073779\" class=\"col medium-4 large-4\"  >\n\t\t\t\t<div class=\"col-inner\"  >\n\t\t\t\n\t\t\t\n\n\n\t\t<div class=\"icon-box featured-box icon-box-center text-center\"  style=\"margin:0px 0px 0px 0px;\">\n\t\t\t\t\t<div class=\"icon-box-img\" style=\"width: 104px\">\n\t\t\t\t<div class=\"icon\">\n\t\t\t\t\t<div class=\"icon-inner\" style=\"color:rgb(255, 255, 255);\">\n\t\t\t\t\t\t<img loading=\"lazy\" decoding=\"async\" width=\"300\" height=\"274\" src=\"https:\/\/delphinemayeul.fr\/wp-content\/uploads\/2025\/09\/elephant-300x274.jpg\" class=\"attachment-medium size-medium\" alt=\"\" srcset=\"https:\/\/delphinemayeul.fr\/wp-content\/uploads\/2025\/09\/elephant-300x274.jpg 300w, https:\/\/delphinemayeul.fr\/wp-content\/uploads\/2025\/09\/elephant.jpg 448w\" sizes=\"auto, (max-width: 300px) 100vw, 300px\" \/>\t\t\t\t\t<\/div>\n\t\t\t\t<\/div>\n\t\t\t<\/div>\n\t\t\t\t<div class=\"icon-box-text last-reset\">\n\t\t\t\t\t\t\t\t\t\n\n<p>Apaiser le mental, r\u00e9duire le stress et retrouver la paix int\u00e9rieure<\/p>\n\n\t\t<\/div>\n\t<\/div>\n\t\n\t\n\n\t\t<\/div>\n\t\t\t\t\t<\/div>\n\n\t\n\n\t<div id=\"col-393567187\" class=\"col medium-4 small-12 large-4\"  >\n\t\t\t\t<div class=\"col-inner\"  >\n\t\t\t\n\t\t\t\n\n\n\t\t<div class=\"icon-box featured-box icon-box-center text-center\"  >\n\t\t\t\t\t<div class=\"icon-box-img\" style=\"width: 60px\">\n\t\t\t\t<div class=\"icon\">\n\t\t\t\t\t<div class=\"icon-inner\" style=\"color:rgb(255, 255, 255);\">\n\t\t\t\t\t\t<img loading=\"lazy\" decoding=\"async\" width=\"300\" height=\"276\" src=\"https:\/\/delphinemayeul.fr\/wp-content\/uploads\/2025\/09\/feuilles-a-plat-300x276.jpg\" class=\"attachment-medium size-medium\" alt=\"\" srcset=\"https:\/\/delphinemayeul.fr\/wp-content\/uploads\/2025\/09\/feuilles-a-plat-300x276.jpg 300w, https:\/\/delphinemayeul.fr\/wp-content\/uploads\/2025\/09\/feuilles-a-plat.jpg 435w\" sizes=\"auto, (max-width: 300px) 100vw, 300px\" \/>\t\t\t\t\t<\/div>\n\t\t\t\t<\/div>\n\t\t\t<\/div>\n\t\t\t\t<div class=\"icon-box-text last-reset\">\n\t\t\t\t\t\t\t\t\t\n\n<p>Soulager certains maux physiques li\u00e9s aux d\u00e9s\u00e9quilibres \u00e9motionnels.<\/p>\n\n\t\t<\/div>\n\t<\/div>\n\t\n\t\n\n\t\t<\/div>\n\t\t\t\t\t<\/div>\n\n\t\n\n\t<div id=\"col-1442897712\" class=\"col medium-4 small-12 large-4\"  >\n\t\t\t\t<div class=\"col-inner\"  >\n\t\t\t\n\t\t\t\n\n\n\t\t<div class=\"icon-box featured-box icon-box-center text-center\"  >\n\t\t\t\t\t<div class=\"icon-box-img\" style=\"width: 60px\">\n\t\t\t\t<div class=\"icon\">\n\t\t\t\t\t<div class=\"icon-inner\" >\n\t\t\t\t\t\t<img loading=\"lazy\" decoding=\"async\" width=\"279\" height=\"273\" src=\"https:\/\/delphinemayeul.fr\/wp-content\/uploads\/2025\/09\/feuille-seule.jpg\" class=\"attachment-medium size-medium\" alt=\"\" \/>\t\t\t\t\t<\/div>\n\t\t\t\t<\/div>\n\t\t\t<\/div>\n\t\t\t\t<div class=\"icon-box-text last-reset\">\n\t\t\t\t\t\t\t\t\t\n\n<p>Retrouver l\u00e9g\u00e8ret\u00e9, clart\u00e9 et harmonie entre le corps, l\u2019esprit et l\u2019\u00e2me.<\/p>\n\n\t\t<\/div>\n\t<\/div>\n\t\n\t\n\n\t\t<\/div>\n\t\t\t\t\t<\/div>\n\n\t\n\n<\/div>\n\n\t\t<\/div>\n\n\t\t\n<style>\n#section_1136029646 {\n  padding-top: 30px;\n  padding-bottom: 30px;\n  background-color: rgb(255, 255, 255);\n}\n<\/style>\n\t<\/section>\n\t\n\n\t<section class=\"section\" id=\"section_1437742808\">\n\t\t<div class=\"section-bg fill\" >\n\t\t\t\t\t\t\t\t\t<div class=\"section-bg-overlay absolute fill\"><\/div>\n\t\t\t\n\t<div class=\"is-border\"\n\t\tstyle=\"border-width:1px 0px 1px 0px;\">\n\t<\/div>\n\n\t\t<\/div>\n\n\t\t\n\n\t\t<div class=\"section-content relative\">\n\t\t\t\n\n<div class=\"row row-large align-middle\"  id=\"row-698805484\">\n\n\n\t<div id=\"col-1864754126\" class=\"col medium-6 small-12 large-6\"  >\n\t\t\t\t<div class=\"col-inner\"  >\n\t\t\t\n\t\t\t\n\n\t<div class=\"img has-hover x md-x lg-x y md-y lg-y\" id=\"image_1972460234\">\n\t\t\t\t\t\t\t\t<div class=\"img-inner box-shadow-2 dark\" >\n\t\t\t\t\t\t\t\t\t\n\t\t\t\t\t<\/div>\n\t\t\t\t\t\t\t\t\n<style>\n#image_1972460234 {\n  width: 100%;\n}\n<\/style>\n\t<\/div>\n\t\n\n\n\t\t<\/div>\n\t\t\t\t\t<\/div>\n\n\t\n\n\t<div id=\"col-418141126\" class=\"col small-12 large-12\"  >\n\t\t\t\t<div class=\"col-inner text-left\"  >\n\t\t\t\n\t\t\t\n\n<blockquote>\n<p><span style=\"color: #ffffff;\">Chaque soin est unique et intuitif : l\u2019\u00e9nergie se dirige naturellement l\u00e0 o\u00f9 le corps, le c\u0153ur ou l\u2019\u00e2me en ont le plus besoin. Vous ressentez alors une profonde d\u00e9tente, un all\u00e8gement int\u00e9rieur et un sentiment d\u2019unit\u00e9 retrouv\u00e9e.<\/span><br \/><span style=\"color: #ffffff;\">Ce soin agit comme une v\u00e9ritable reconnexion \u00e0 soi, permettant de se lib\u00e9rer des \u00e9nergies stagnantes et de retrouver sa pleine puissance int\u00e9rieure.<\/span><\/p>\n<\/blockquote>\n\n\t\t<\/div>\n\t\t\t\t\t<\/div>\n\n\t\n\n<\/div>\n\n\t\t<\/div>\n\n\t\t\n<style>\n#section_1437742808 {\n  padding-top: 60px;\n  padding-bottom: 60px;\n  background-color: #2b39b7;\n}\n#section_1437742808 .section-bg-overlay {\n  background-color: rgba(255, 255, 255, 0);\n}\n<\/style>\n\t<\/section>\n\t\n\n\t<section class=\"section\" id=\"section_1458882853\">\n\t\t<div class=\"section-bg fill\" >\n\t\t\t\t\t\t\t\t\t<div class=\"section-bg-overlay absolute fill\"><\/div>\n\t\t\t\n\n\t\t<\/div>\n\n\t\t\n\n\t\t<div class=\"section-content relative\">\n\t\t\t\n\n<div class=\"row row-large align-middle\"  id=\"row-1155394415\">\n\n\n\t<div id=\"col-1986647581\" class=\"col medium-11 small-12 large-11\"  >\n\t\t\t\t<div class=\"col-inner text-left\"  >\n\t\t\t\n\t\t\t\n\n\t<div id=\"text-1122716843\" class=\"text\">\n\t\t\n\n<blockquote>\n<p><span style=\"color: #282828;\">Un moment de recentrage et de douceur pour se purifier, se r\u00e9aligner et laisser circuler librement la lumi\u00e8re en soi.<\/span><\/p>\n<\/blockquote>\n\t\t\n<style>\n#text-1122716843 {\n  text-align: right;\n}\n<\/style>\n\t<\/div>\n\t\n\n\t\t<\/div>\n\t\t\t\t\t<\/div>\n\n\t\n\n\t<div id=\"col-1859862649\" class=\"col medium-1 small-12 large-1\"  >\n\t\t\t\t<div class=\"col-inner\"  >\n\t\t\t\n\t\t\t\n\n\t<div class=\"img has-hover x md-x lg-x y md-y lg-y\" id=\"image_1423411180\">\n\t\t\t\t\t\t\t\t<div class=\"img-inner box-shadow-2 dark\" >\n\t\t\t\t\t\t\t\t\t\n\t\t\t\t\t<\/div>\n\t\t\t\t\t\t\t\t\n<style>\n#image_1423411180 {\n  width: 100%;\n}\n<\/style>\n\t<\/div>\n\t\n\n\n\t\t<\/div>\n\t\t\t\t\t<\/div>\n\n\t\n\n<\/div>\n\n\t\t<\/div>\n\n\t\t\n<style>\n#section_1458882853 {\n  padding-top: 60px;\n  padding-bottom: 60px;\n  background-color: rgb(199, 186, 77);\n}\n#section_1458882853 .section-bg-overlay {\n  background-color: rgba(255, 255, 255, 0);\n}\n<\/style>\n\t<\/section>\n\t\n\n","protected":false},"excerpt":{"rendered":"","protected":false},"author":2,"featured_media":0,"parent":0,"menu_order":0,"comment_status":"closed","ping_status":"closed","template":"page-blank.php","meta":{"footnotes":""},"class_list":["post-16","page","type-page","status-publish","hentry"],"yoast_head":"<!-- This site is optimized with the Yoast SEO plugin v26.5 - https:\/\/yoast.com\/wordpress\/plugins\/seo\/ -->\n<title>Soins \u00e9nerg\u00e9tiques japonais - Delphine Mayeul<\/title>\n<meta name=\"description\" content=\"Soins \u00e9nerg\u00e9tiques japonais\" \/>\n<meta name=\"robots\" content=\"index, follow, max-snippet:-1, max-image-preview:large, max-video-preview:-1\" \/>\n<link rel=\"canonical\" href=\"https:\/\/delphinemayeul.fr\/?page_id=16\" \/>\n<meta property=\"og:locale\" content=\"fr_FR\" \/>\n<meta property=\"og:type\" content=\"article\" \/>\n<meta property=\"og:title\" content=\"Soins \u00e9nerg\u00e9tiques japonais - Delphine Mayeul\" \/>\n<meta property=\"og:description\" content=\"Soins \u00e9nerg\u00e9tiques japonais\" \/>\n<meta property=\"og:url\" content=\"https:\/\/delphinemayeul.fr\/?page_id=16\" \/>\n<meta property=\"og:site_name\" content=\"Delphine Mayeul\" \/>\n<meta property=\"article:modified_time\" content=\"2025-12-06T11:09:21+00:00\" \/>\n<meta name=\"twitter:card\" content=\"summary_large_image\" \/>\n<meta name=\"twitter:label1\" content=\"Dur\u00e9e de lecture estim\u00e9e\" \/>\n\t<meta name=\"twitter:data1\" content=\"3 minutes\" \/>\n<script type=\"application\/ld+json\" class=\"yoast-schema-graph\">{\"@context\":\"https:\/\/schema.org\",\"@graph\":[{\"@type\":\"WebPage\",\"@id\":\"https:\/\/delphinemayeul.fr\/?page_id=16\",\"url\":\"https:\/\/delphinemayeul.fr\/?page_id=16\",\"name\":\"Soins \u00e9nerg\u00e9tiques japonais - Delphine Mayeul\",\"isPartOf\":{\"@id\":\"https:\/\/delphinemayeul.fr\/#website\"},\"datePublished\":\"2025-08-26T09:28:07+00:00\",\"dateModified\":\"2025-12-06T11:09:21+00:00\",\"description\":\"Soins \u00e9nerg\u00e9tiques japonais\",\"breadcrumb\":{\"@id\":\"https:\/\/delphinemayeul.fr\/?page_id=16#breadcrumb\"},\"inLanguage\":\"fr-FR\",\"potentialAction\":[{\"@type\":\"ReadAction\",\"target\":[\"https:\/\/delphinemayeul.fr\/?page_id=16\"]}]},{\"@type\":\"BreadcrumbList\",\"@id\":\"https:\/\/delphinemayeul.fr\/?page_id=16#breadcrumb\",\"itemListElement\":[{\"@type\":\"ListItem\",\"position\":1,\"name\":\"Accueil\",\"item\":\"https:\/\/delphinemayeul.fr\/\"},{\"@type\":\"ListItem\",\"position\":2,\"name\":\"Soins \u00e9nerg\u00e9tiques japonais\"}]},{\"@type\":\"WebSite\",\"@id\":\"https:\/\/delphinemayeul.fr\/#website\",\"url\":\"https:\/\/delphinemayeul.fr\/\",\"name\":\"Delphine Mayeul\",\"description\":\"Th\u00e9rapeute bien-\u00eatre holistique\",\"publisher\":{\"@id\":\"https:\/\/delphinemayeul.fr\/#\/schema\/person\/9d61741d0fed6b94415f5149f2ee5999\"},\"potentialAction\":[{\"@type\":\"SearchAction\",\"target\":{\"@type\":\"EntryPoint\",\"urlTemplate\":\"https:\/\/delphinemayeul.fr\/?s={search_term_string}\"},\"query-input\":{\"@type\":\"PropertyValueSpecification\",\"valueRequired\":true,\"valueName\":\"search_term_string\"}}],\"inLanguage\":\"fr-FR\"},{\"@type\":[\"Person\",\"Organization\"],\"@id\":\"https:\/\/delphinemayeul.fr\/#\/schema\/person\/9d61741d0fed6b94415f5149f2ee5999\",\"name\":\"delphine\",\"image\":{\"@type\":\"ImageObject\",\"inLanguage\":\"fr-FR\",\"@id\":\"https:\/\/delphinemayeul.fr\/#\/schema\/person\/image\/\",\"url\":\"https:\/\/delphinemayeul.fr\/wp-content\/uploads\/2025\/09\/fleuroeil.jpg\",\"contentUrl\":\"https:\/\/delphinemayeul.fr\/wp-content\/uploads\/2025\/09\/fleuroeil.jpg\",\"width\":566,\"height\":403,\"caption\":\"delphine\"},\"logo\":{\"@id\":\"https:\/\/delphinemayeul.fr\/#\/schema\/person\/image\/\"},\"sameAs\":[\"http:\/\/delphinemayeul.fr\"]}]}<\/script>\n<!-- \/ Yoast SEO plugin. -->","yoast_head_json":{"title":"Soins \u00e9nerg\u00e9tiques japonais - Delphine Mayeul","description":"Soins \u00e9nerg\u00e9tiques japonais","robots":{"index":"index","follow":"follow","max-snippet":"max-snippet:-1","max-image-preview":"max-image-preview:large","max-video-preview":"max-video-preview:-1"},"canonical":"https:\/\/delphinemayeul.fr\/?page_id=16","og_locale":"fr_FR","og_type":"article","og_title":"Soins \u00e9nerg\u00e9tiques japonais - Delphine Mayeul","og_description":"Soins \u00e9nerg\u00e9tiques japonais","og_url":"https:\/\/delphinemayeul.fr\/?page_id=16","og_site_name":"Delphine Mayeul","article_modified_time":"2025-12-06T11:09:21+00:00","twitter_card":"summary_large_image","twitter_misc":{"Dur\u00e9e de lecture estim\u00e9e":"3 minutes"},"schema":{"@context":"https:\/\/schema.org","@graph":[{"@type":"WebPage","@id":"https:\/\/delphinemayeul.fr\/?page_id=16","url":"https:\/\/delphinemayeul.fr\/?page_id=16","name":"Soins \u00e9nerg\u00e9tiques japonais - Delphine Mayeul","isPartOf":{"@id":"https:\/\/delphinemayeul.fr\/#website"},"datePublished":"2025-08-26T09:28:07+00:00","dateModified":"2025-12-06T11:09:21+00:00","description":"Soins \u00e9nerg\u00e9tiques japonais","breadcrumb":{"@id":"https:\/\/delphinemayeul.fr\/?page_id=16#breadcrumb"},"inLanguage":"fr-FR","potentialAction":[{"@type":"ReadAction","target":["https:\/\/delphinemayeul.fr\/?page_id=16"]}]},{"@type":"BreadcrumbList","@id":"https:\/\/delphinemayeul.fr\/?page_id=16#breadcrumb","itemListElement":[{"@type":"ListItem","position":1,"name":"Accueil","item":"https:\/\/delphinemayeul.fr\/"},{"@type":"ListItem","position":2,"name":"Soins \u00e9nerg\u00e9tiques japonais"}]},{"@type":"WebSite","@id":"https:\/\/delphinemayeul.fr\/#website","url":"https:\/\/delphinemayeul.fr\/","name":"Delphine Mayeul","description":"Th\u00e9rapeute bien-\u00eatre holistique","publisher":{"@id":"https:\/\/delphinemayeul.fr\/#\/schema\/person\/9d61741d0fed6b94415f5149f2ee5999"},"potentialAction":[{"@type":"SearchAction","target":{"@type":"EntryPoint","urlTemplate":"https:\/\/delphinemayeul.fr\/?s={search_term_string}"},"query-input":{"@type":"PropertyValueSpecification","valueRequired":true,"valueName":"search_term_string"}}],"inLanguage":"fr-FR"},{"@type":["Person","Organization"],"@id":"https:\/\/delphinemayeul.fr\/#\/schema\/person\/9d61741d0fed6b94415f5149f2ee5999","name":"delphine","image":{"@type":"ImageObject","inLanguage":"fr-FR","@id":"https:\/\/delphinemayeul.fr\/#\/schema\/person\/image\/","url":"https:\/\/delphinemayeul.fr\/wp-content\/uploads\/2025\/09\/fleuroeil.jpg","contentUrl":"https:\/\/delphinemayeul.fr\/wp-content\/uploads\/2025\/09\/fleuroeil.jpg","width":566,"height":403,"caption":"delphine"},"logo":{"@id":"https:\/\/delphinemayeul.fr\/#\/schema\/person\/image\/"},"sameAs":["http:\/\/delphinemayeul.fr"]}]}},"_links":{"self":[{"href":"https:\/\/delphinemayeul.fr\/index.php?rest_route=\/wp\/v2\/pages\/16","targetHints":{"allow":["GET"]}}],"collection":[{"href":"https:\/\/delphinemayeul.fr\/index.php?rest_route=\/wp\/v2\/pages"}],"about":[{"href":"https:\/\/delphinemayeul.fr\/index.php?rest_route=\/wp\/v2\/types\/page"}],"author":[{"embeddable":true,"href":"https:\/\/delphinemayeul.fr\/index.php?rest_route=\/wp\/v2\/users\/2"}],"replies":[{"embeddable":true,"href":"https:\/\/delphinemayeul.fr\/index.php?rest_route=%2Fwp%2Fv2%2Fcomments&post=16"}],"version-history":[{"count":4,"href":"https:\/\/delphinemayeul.fr\/index.php?rest_route=\/wp\/v2\/pages\/16\/revisions"}],"predecessor-version":[{"id":269,"href":"https:\/\/delphinemayeul.fr\/index.php?rest_route=\/wp\/v2\/pages\/16\/revisions\/269"}],"wp:attachment":[{"href":"https:\/\/delphinemayeul.fr\/index.php?rest_route=%2Fwp%2Fv2%2Fmedia&parent=16"}],"curies":[{"name":"wp","href":"https:\/\/api.w.org\/{rel}","templated":true}]}}